{"id":71,"date":"2024-07-26T16:47:27","date_gmt":"2024-07-26T14:47:27","guid":{"rendered":"http:\/\/annahazuka.pl\/?page_id=71"},"modified":"2024-09-29T15:58:50","modified_gmt":"2024-09-29T13:58:50","slug":"o-mnie","status":"publish","type":"page","link":"http:\/\/annahazuka.pl\/?page_id=71","title":{"rendered":"O mnie"},"content":{"rendered":"\n<div class=\"wp-block-media-text alignfull is-stacked-on-mobile\" style=\"grid-template-columns:44% auto\"><figure class=\"wp-block-media-text__media\"><img loading=\"lazy\" decoding=\"async\" width=\"1024\" height=\"849\" src=\"http:\/\/annahazuka.pl\/wp-content\/uploads\/2024\/07\/Anna_Hazuka_fot_Lukasz_Rajchert-3-scaled-e1721462708726-1024x849.jpg\" alt=\"\" class=\"wp-image-129 size-full\" srcset=\"http:\/\/annahazuka.pl\/wp-content\/uploads\/2024\/07\/Anna_Hazuka_fot_Lukasz_Rajchert-3-scaled-e1721462708726-1024x849.jpg 1024w, http:\/\/annahazuka.pl\/wp-content\/uploads\/2024\/07\/Anna_Hazuka_fot_Lukasz_Rajchert-3-scaled-e1721462708726-300x249.jpg 300w, http:\/\/annahazuka.pl\/wp-content\/uploads\/2024\/07\/Anna_Hazuka_fot_Lukasz_Rajchert-3-scaled-e1721462708726-768x637.jpg 768w, http:\/\/annahazuka.pl\/wp-content\/uploads\/2024\/07\/Anna_Hazuka_fot_Lukasz_Rajchert-3-scaled-e1721462708726-1536x1274.jpg 1536w, http:\/\/annahazuka.pl\/wp-content\/uploads\/2024\/07\/Anna_Hazuka_fot_Lukasz_Rajchert-3-scaled-e1721462708726.jpg 1698w\" sizes=\"auto, (max-width: 1024px) 100vw, 1024px\" \/><\/figure><div class=\"wp-block-media-text__content\">\n<p>Jestem prawniczk\u0105, dziennikark\u0105, copywriterk\u0105, autork\u0105 ksi\u0105\u017cek, mam\u0105 pi\u0105tki niezwyk\u0142ych dzieciak\u00f3w, \u017con\u0105 Wojtka, wreszcie &#8211; coachem i trenerk\u0105. Kiedy\u015b moja biografia by\u0142a dla mnie powodem do niepokoju, dzisiaj jest moj\u0105 multipotencjaln\u0105 wizyt\u00f3wk\u0105. Szybko my\u015bl\u0119, du\u017co czytam, ale przede wszystkim s\u0142ucham i zadaj\u0119 nieoczywiste pytania.  <\/p>\n\n\n\n<p>Prowadz\u0119 indywidualne i grupowe sesje coachingowe w oparciu o metod\u0119 CoachWise<sup>TM<\/sup>. Skutecznie wykorzystuj\u0119 narz\u0119dzia biznesowe do budowania rodzinnych relacji. Wspieram moich klient\u00f3w w odnajdywaniu w\u0142asnego g\u0142osu.<\/p>\n\n\n\n<p>Studiuj\u0119 psychologi\u0119 kliniczn\u0105 na SWPS. Moje naukowe inspiracje: Brene Brown, Martin Seligman, Roy Baumeister, Viktor E. Frankl, Simone Weil i Edyta Stein.<\/p>\n\n\n\n<p>Photos by \u0141ukasz Rajchert<\/p>\n<\/div><\/div>\n","protected":false},"excerpt":{"rendered":"<p>Jestem prawniczk\u0105, dziennikark\u0105, copywriterk\u0105, autork\u0105 ksi\u0105\u017cek, mam\u0105 pi\u0105tki niezwyk\u0142ych dzieciak\u00f3w, \u017con\u0105 Wojtka, wreszcie &#8211; coachem i trenerk\u0105. Kiedy\u015b moja biografia by\u0142a dla mnie powodem do niepokoju, dzisiaj jest moj\u0105 multipotencjaln\u0105 wizyt\u00f3wk\u0105. Szybko my\u015bl\u0119, du\u017co czytam, ale przede wszystkim s\u0142ucham i zadaj\u0119 nieoczywiste pytania. Prowadz\u0119 indywidualne i grupowe sesje coachingowe w [&hellip;]<\/p>\n","protected":false},"author":1,"featured_media":43,"parent":0,"menu_order":0,"comment_status":"closed","ping_status":"closed","template":"","meta":{"footnotes":""},"class_list":["post-71","page","type-page","status-publish","has-post-thumbnail","hentry"],"yoast_head":"<!-- This site is optimized with the Yoast SEO plugin v25.7 - https:\/\/yoast.com\/wordpress\/plugins\/seo\/ -->\n<title>O mnie -<\/title>\n<meta name=\"robots\" content=\"index, follow, max-snippet:-1, max-image-preview:large, max-video-preview:-1\" \/>\n<link rel=\"canonical\" href=\"http:\/\/annahazuka.pl\/?page_id=71\" \/>\n<meta property=\"og:locale\" content=\"pl_PL\" \/>\n<meta property=\"og:type\" content=\"article\" \/>\n<meta property=\"og:title\" content=\"O mnie -\" \/>\n<meta property=\"og:description\" content=\"Jestem prawniczk\u0105, dziennikark\u0105, copywriterk\u0105, autork\u0105 ksi\u0105\u017cek, mam\u0105 pi\u0105tki niezwyk\u0142ych dzieciak\u00f3w, \u017con\u0105 Wojtka, wreszcie &#8211; coachem i trenerk\u0105. Kiedy\u015b moja biografia by\u0142a dla mnie powodem do niepokoju, dzisiaj jest moj\u0105 multipotencjaln\u0105 wizyt\u00f3wk\u0105. Szybko my\u015bl\u0119, du\u017co czytam, ale przede wszystkim s\u0142ucham i zadaj\u0119 nieoczywiste pytania. Prowadz\u0119 indywidualne i grupowe sesje coachingowe w [&hellip;]\" \/>\n<meta property=\"og:url\" content=\"http:\/\/annahazuka.pl\/?page_id=71\" \/>\n<meta property=\"article:modified_time\" content=\"2024-09-29T13:58:50+00:00\" \/>\n<meta property=\"og:image\" content=\"http:\/\/annahazuka.pl\/wp-content\/uploads\/2024\/06\/coast-7338147_1280.jpg\" \/>\n\t<meta property=\"og:image:width\" content=\"1280\" \/>\n\t<meta property=\"og:image:height\" content=\"853\" \/>\n\t<meta property=\"og:image:type\" content=\"image\/jpeg\" \/>\n<meta name=\"twitter:card\" content=\"summary_large_image\" \/>\n<meta name=\"twitter:label1\" content=\"Szacowany czas czytania\" \/>\n\t<meta name=\"twitter:data1\" content=\"1 minuta\" \/>\n<script type=\"application\/ld+json\" class=\"yoast-schema-graph\">{\"@context\":\"https:\/\/schema.org\",\"@graph\":[{\"@type\":\"WebPage\",\"@id\":\"http:\/\/annahazuka.pl\/?page_id=71\",\"url\":\"http:\/\/annahazuka.pl\/?page_id=71\",\"name\":\"O mnie -\",\"isPartOf\":{\"@id\":\"http:\/\/annahazuka.pl\/#website\"},\"primaryImageOfPage\":{\"@id\":\"http:\/\/annahazuka.pl\/?page_id=71#primaryimage\"},\"image\":{\"@id\":\"http:\/\/annahazuka.pl\/?page_id=71#primaryimage\"},\"thumbnailUrl\":\"http:\/\/annahazuka.pl\/wp-content\/uploads\/2024\/06\/coast-7338147_1280.jpg\",\"datePublished\":\"2024-07-26T14:47:27+00:00\",\"dateModified\":\"2024-09-29T13:58:50+00:00\",\"breadcrumb\":{\"@id\":\"http:\/\/annahazuka.pl\/?page_id=71#breadcrumb\"},\"inLanguage\":\"pl-PL\",\"potentialAction\":[{\"@type\":\"ReadAction\",\"target\":[\"http:\/\/annahazuka.pl\/?page_id=71\"]}]},{\"@type\":\"ImageObject\",\"inLanguage\":\"pl-PL\",\"@id\":\"http:\/\/annahazuka.pl\/?page_id=71#primaryimage\",\"url\":\"http:\/\/annahazuka.pl\/wp-content\/uploads\/2024\/06\/coast-7338147_1280.jpg\",\"contentUrl\":\"http:\/\/annahazuka.pl\/wp-content\/uploads\/2024\/06\/coast-7338147_1280.jpg\",\"width\":1280,\"height\":853},{\"@type\":\"BreadcrumbList\",\"@id\":\"http:\/\/annahazuka.pl\/?page_id=71#breadcrumb\",\"itemListElement\":[{\"@type\":\"ListItem\",\"position\":1,\"name\":\"Strona g\u0142\u00f3wna\",\"item\":\"http:\/\/annahazuka.pl\/\"},{\"@type\":\"ListItem\",\"position\":2,\"name\":\"O mnie\"}]},{\"@type\":\"WebSite\",\"@id\":\"http:\/\/annahazuka.pl\/#website\",\"url\":\"http:\/\/annahazuka.pl\/\",\"name\":\"Anna Hazuka\",\"description\":\"\",\"potentialAction\":[{\"@type\":\"SearchAction\",\"target\":{\"@type\":\"EntryPoint\",\"urlTemplate\":\"http:\/\/annahazuka.pl\/?s={search_term_string}\"},\"query-input\":{\"@type\":\"PropertyValueSpecification\",\"valueRequired\":true,\"valueName\":\"search_term_string\"}}],\"inLanguage\":\"pl-PL\"}]}<\/script>\n<!-- \/ Yoast SEO plugin. -->","yoast_head_json":{"title":"O mnie -","robots":{"index":"index","follow":"follow","max-snippet":"max-snippet:-1","max-image-preview":"max-image-preview:large","max-video-preview":"max-video-preview:-1"},"canonical":"http:\/\/annahazuka.pl\/?page_id=71","og_locale":"pl_PL","og_type":"article","og_title":"O mnie -","og_description":"Jestem prawniczk\u0105, dziennikark\u0105, copywriterk\u0105, autork\u0105 ksi\u0105\u017cek, mam\u0105 pi\u0105tki niezwyk\u0142ych dzieciak\u00f3w, \u017con\u0105 Wojtka, wreszcie &#8211; coachem i trenerk\u0105. Kiedy\u015b moja biografia by\u0142a dla mnie powodem do niepokoju, dzisiaj jest moj\u0105 multipotencjaln\u0105 wizyt\u00f3wk\u0105. Szybko my\u015bl\u0119, du\u017co czytam, ale przede wszystkim s\u0142ucham i zadaj\u0119 nieoczywiste pytania. Prowadz\u0119 indywidualne i grupowe sesje coachingowe w [&hellip;]","og_url":"http:\/\/annahazuka.pl\/?page_id=71","article_modified_time":"2024-09-29T13:58:50+00:00","og_image":[{"width":1280,"height":853,"url":"http:\/\/annahazuka.pl\/wp-content\/uploads\/2024\/06\/coast-7338147_1280.jpg","type":"image\/jpeg"}],"twitter_card":"summary_large_image","twitter_misc":{"Szacowany czas czytania":"1 minuta"},"schema":{"@context":"https:\/\/schema.org","@graph":[{"@type":"WebPage","@id":"http:\/\/annahazuka.pl\/?page_id=71","url":"http:\/\/annahazuka.pl\/?page_id=71","name":"O mnie -","isPartOf":{"@id":"http:\/\/annahazuka.pl\/#website"},"primaryImageOfPage":{"@id":"http:\/\/annahazuka.pl\/?page_id=71#primaryimage"},"image":{"@id":"http:\/\/annahazuka.pl\/?page_id=71#primaryimage"},"thumbnailUrl":"http:\/\/annahazuka.pl\/wp-content\/uploads\/2024\/06\/coast-7338147_1280.jpg","datePublished":"2024-07-26T14:47:27+00:00","dateModified":"2024-09-29T13:58:50+00:00","breadcrumb":{"@id":"http:\/\/annahazuka.pl\/?page_id=71#breadcrumb"},"inLanguage":"pl-PL","potentialAction":[{"@type":"ReadAction","target":["http:\/\/annahazuka.pl\/?page_id=71"]}]},{"@type":"ImageObject","inLanguage":"pl-PL","@id":"http:\/\/annahazuka.pl\/?page_id=71#primaryimage","url":"http:\/\/annahazuka.pl\/wp-content\/uploads\/2024\/06\/coast-7338147_1280.jpg","contentUrl":"http:\/\/annahazuka.pl\/wp-content\/uploads\/2024\/06\/coast-7338147_1280.jpg","width":1280,"height":853},{"@type":"BreadcrumbList","@id":"http:\/\/annahazuka.pl\/?page_id=71#breadcrumb","itemListElement":[{"@type":"ListItem","position":1,"name":"Strona g\u0142\u00f3wna","item":"http:\/\/annahazuka.pl\/"},{"@type":"ListItem","position":2,"name":"O mnie"}]},{"@type":"WebSite","@id":"http:\/\/annahazuka.pl\/#website","url":"http:\/\/annahazuka.pl\/","name":"Anna Hazuka","description":"","potentialAction":[{"@type":"SearchAction","target":{"@type":"EntryPoint","urlTemplate":"http:\/\/annahazuka.pl\/?s={search_term_string}"},"query-input":{"@type":"PropertyValueSpecification","valueRequired":true,"valueName":"search_term_string"}}],"inLanguage":"pl-PL"}]}},"_links":{"self":[{"href":"http:\/\/annahazuka.pl\/index.php?rest_route=\/wp\/v2\/pages\/71","targetHints":{"allow":["GET"]}}],"collection":[{"href":"http:\/\/annahazuka.pl\/index.php?rest_route=\/wp\/v2\/pages"}],"about":[{"href":"http:\/\/annahazuka.pl\/index.php?rest_route=\/wp\/v2\/types\/page"}],"author":[{"embeddable":true,"href":"http:\/\/annahazuka.pl\/index.php?rest_route=\/wp\/v2\/users\/1"}],"replies":[{"embeddable":true,"href":"http:\/\/annahazuka.pl\/index.php?rest_route=%2Fwp%2Fv2%2Fcomments&post=71"}],"version-history":[{"count":6,"href":"http:\/\/annahazuka.pl\/index.php?rest_route=\/wp\/v2\/pages\/71\/revisions"}],"predecessor-version":[{"id":377,"href":"http:\/\/annahazuka.pl\/index.php?rest_route=\/wp\/v2\/pages\/71\/revisions\/377"}],"wp:featuredmedia":[{"embeddable":true,"href":"http:\/\/annahazuka.pl\/index.php?rest_route=\/wp\/v2\/media\/43"}],"wp:attachment":[{"href":"http:\/\/annahazuka.pl\/index.php?rest_route=%2Fwp%2Fv2%2Fmedia&parent=71"}],"curies":[{"name":"wp","href":"https:\/\/api.w.org\/{rel}","templated":true}]}}