{"id":406,"date":"2025-10-13T13:37:25","date_gmt":"2025-10-13T11:37:25","guid":{"rendered":"https:\/\/annahazuka.pl\/?page_id=406"},"modified":"2025-10-14T00:54:27","modified_gmt":"2025-10-13T22:54:27","slug":"mentoring","status":"publish","type":"page","link":"http:\/\/annahazuka.pl\/?page_id=406","title":{"rendered":"Mentoring"},"content":{"rendered":"\n<blockquote class=\"wp-block-quote is-layout-flow wp-block-quote-is-layout-flow\">\n<p>Czasem do zmiany wystarczy naprawd\u0119 JEDEN krok<\/p>\n<\/blockquote>\n\n\n\n<h2 class=\"wp-block-heading\">Life Mentoring<\/h2>\n\n\n\n<p>Potrzebujemy czasem drugiego cz\u0142owieka, \u017ceby razem z nim nad czym\u015b si\u0119 zastanowi\u0107, co\u015b przegada\u0107, zrozumie\u0107, zmieni\u0107. Wiemy, \u017ce nie jest to sprawa nad kt\u00f3r\u0105 chcemy pracowa\u0107 miesi\u0105cami w terapii czy coachingu. Ot, m\u0119czy nas niepok\u00f3j, chcemy us\u0142ysze\u0107, czy nasza intuicja jest s\u0142uszna, lub zwyczajnie nie jeste\u015bmy pewni, co i jak powinni\u015bmy zrobi\u0107. W\u0142a\u015bnie w takich sytuacjach idealnie sprawdza si\u0119 mentoring. To godzinna konsultacja podczas kt\u00f3rej mo\u017cecie przegada\u0107 ze mn\u0105 swoje w\u0105tpliwo\u015bci.<\/p>\n\n\n\n<h2 class=\"wp-block-heading\">Najcz\u0119stsze tematy konsultacji:<\/h2>\n\n\n\n<div class=\"wp-block-media-text is-stacked-on-mobile\"><figure class=\"wp-block-media-text__media\"><img loading=\"lazy\" decoding=\"async\" width=\"1024\" height=\"682\" src=\"http:\/\/annahazuka.pl\/wp-content\/uploads\/2025\/10\/baby-shoes-3644176_1280-1024x682.jpg\" alt=\"\" class=\"wp-image-411 size-full\" srcset=\"http:\/\/annahazuka.pl\/wp-content\/uploads\/2025\/10\/baby-shoes-3644176_1280-1024x682.jpg 1024w, http:\/\/annahazuka.pl\/wp-content\/uploads\/2025\/10\/baby-shoes-3644176_1280-300x200.jpg 300w, http:\/\/annahazuka.pl\/wp-content\/uploads\/2025\/10\/baby-shoes-3644176_1280-768x512.jpg 768w, http:\/\/annahazuka.pl\/wp-content\/uploads\/2025\/10\/baby-shoes-3644176_1280-360x240.jpg 360w, http:\/\/annahazuka.pl\/wp-content\/uploads\/2025\/10\/baby-shoes-3644176_1280.jpg 1280w\" sizes=\"auto, (max-width: 1024px) 100vw, 1024px\" \/><\/figure><div class=\"wp-block-media-text__content\">\n<p>Dzieciaki i wszystko, co wi\u0105\u017ce si\u0119 z ich wychowaniem i rozwojem.<\/p>\n<\/div><\/div>\n\n\n\n<div class=\"wp-block-media-text has-media-on-the-right is-stacked-on-mobile\"><div class=\"wp-block-media-text__content\">\n<p>Nastolatki i ca\u0142y ich \u015bwiat.<\/p>\n<\/div><figure class=\"wp-block-media-text__media\"><img loading=\"lazy\" decoding=\"async\" width=\"1024\" height=\"768\" src=\"http:\/\/annahazuka.pl\/wp-content\/uploads\/2025\/10\/shoes-1433925_1280-1024x768.jpg\" alt=\"\" class=\"wp-image-412 size-full\" srcset=\"http:\/\/annahazuka.pl\/wp-content\/uploads\/2025\/10\/shoes-1433925_1280-1024x768.jpg 1024w, http:\/\/annahazuka.pl\/wp-content\/uploads\/2025\/10\/shoes-1433925_1280-300x225.jpg 300w, http:\/\/annahazuka.pl\/wp-content\/uploads\/2025\/10\/shoes-1433925_1280-768x576.jpg 768w, http:\/\/annahazuka.pl\/wp-content\/uploads\/2025\/10\/shoes-1433925_1280.jpg 1280w\" sizes=\"auto, (max-width: 1024px) 100vw, 1024px\" \/><\/figure><\/div>\n\n\n\n<div class=\"wp-block-media-text is-stacked-on-mobile\"><figure class=\"wp-block-media-text__media\"><img loading=\"lazy\" decoding=\"async\" width=\"1024\" height=\"576\" src=\"http:\/\/annahazuka.pl\/wp-content\/uploads\/2025\/10\/shoes-9138796_1280-1024x576.jpg\" alt=\"\" class=\"wp-image-413 size-full\" srcset=\"http:\/\/annahazuka.pl\/wp-content\/uploads\/2025\/10\/shoes-9138796_1280-1024x576.jpg 1024w, http:\/\/annahazuka.pl\/wp-content\/uploads\/2025\/10\/shoes-9138796_1280-300x169.jpg 300w, http:\/\/annahazuka.pl\/wp-content\/uploads\/2025\/10\/shoes-9138796_1280-768x432.jpg 768w, http:\/\/annahazuka.pl\/wp-content\/uploads\/2025\/10\/shoes-9138796_1280.jpg 1280w\" sizes=\"auto, (max-width: 1024px) 100vw, 1024px\" \/><\/figure><div class=\"wp-block-media-text__content\">\n<p>Zwi\u0105zki narzecze\u0144skie i ma\u0142\u017ce\u0144skie.<\/p>\n<\/div><\/div>\n\n\n\n<div class=\"wp-block-media-text has-media-on-the-right is-stacked-on-mobile\"><div class=\"wp-block-media-text__content\">\n<p>Odporno\u015b\u0107 psychiczna czyli co zrobi\u0107, \u017ceby stres nas nie wyka\u0144cza\u0142.<\/p>\n<\/div><figure class=\"wp-block-media-text__media\"><img loading=\"lazy\" decoding=\"async\" width=\"1024\" height=\"682\" src=\"http:\/\/annahazuka.pl\/wp-content\/uploads\/2025\/10\/wheat-field-6392428_1280-1024x682.jpg\" alt=\"\" class=\"wp-image-414 size-full\" srcset=\"http:\/\/annahazuka.pl\/wp-content\/uploads\/2025\/10\/wheat-field-6392428_1280-1024x682.jpg 1024w, http:\/\/annahazuka.pl\/wp-content\/uploads\/2025\/10\/wheat-field-6392428_1280-300x200.jpg 300w, http:\/\/annahazuka.pl\/wp-content\/uploads\/2025\/10\/wheat-field-6392428_1280-768x512.jpg 768w, http:\/\/annahazuka.pl\/wp-content\/uploads\/2025\/10\/wheat-field-6392428_1280-360x240.jpg 360w, http:\/\/annahazuka.pl\/wp-content\/uploads\/2025\/10\/wheat-field-6392428_1280.jpg 1280w\" sizes=\"auto, (max-width: 1024px) 100vw, 1024px\" \/><\/figure><\/div>\n\n\n\n<h2 class=\"wp-block-heading has-text-align-center\"><mark style=\"background-color:#a81d84\" class=\"has-inline-color has-white-color\">Zapraszam serdecznie!<\/mark><\/h2>\n\n\n\n<p class=\"has-text-align-center\"><strong>Czas trwania konsultacji: 1 h<\/strong><\/p>\n\n\n\n<p class=\"has-text-align-center\"><strong>Koszt: 150 z\u0142<\/strong><\/p>\n\n\n\n<p><\/p>\n","protected":false},"excerpt":{"rendered":"<p>Czasem do zmiany wystarczy naprawd\u0119 JEDEN krok Life Mentoring Potrzebujemy czasem drugiego cz\u0142owieka, \u017ceby razem z nim nad czym\u015b si\u0119 zastanowi\u0107, co\u015b przegada\u0107, zrozumie\u0107, zmieni\u0107. Wiemy, \u017ce nie jest to sprawa nad kt\u00f3r\u0105 chcemy pracowa\u0107 miesi\u0105cami w terapii czy coachingu. Ot, m\u0119czy nas niepok\u00f3j, chcemy us\u0142ysze\u0107, czy nasza intuicja jest [&hellip;]<\/p>\n","protected":false},"author":1,"featured_media":0,"parent":0,"menu_order":0,"comment_status":"closed","ping_status":"closed","template":"","meta":{"footnotes":""},"class_list":["post-406","page","type-page","status-publish","hentry"],"yoast_head":"<!-- This site is optimized with the Yoast SEO plugin v25.7 - https:\/\/yoast.com\/wordpress\/plugins\/seo\/ -->\n<title>Mentoring -<\/title>\n<meta name=\"robots\" content=\"index, follow, max-snippet:-1, max-image-preview:large, max-video-preview:-1\" \/>\n<link rel=\"canonical\" href=\"https:\/\/annahazuka.pl\/?page_id=406\" \/>\n<meta property=\"og:locale\" content=\"pl_PL\" \/>\n<meta property=\"og:type\" content=\"article\" \/>\n<meta property=\"og:title\" content=\"Mentoring -\" \/>\n<meta property=\"og:description\" content=\"Czasem do zmiany wystarczy naprawd\u0119 JEDEN krok Life Mentoring Potrzebujemy czasem drugiego cz\u0142owieka, \u017ceby razem z nim nad czym\u015b si\u0119 zastanowi\u0107, co\u015b przegada\u0107, zrozumie\u0107, zmieni\u0107. Wiemy, \u017ce nie jest to sprawa nad kt\u00f3r\u0105 chcemy pracowa\u0107 miesi\u0105cami w terapii czy coachingu. Ot, m\u0119czy nas niepok\u00f3j, chcemy us\u0142ysze\u0107, czy nasza intuicja jest [&hellip;]\" \/>\n<meta property=\"og:url\" content=\"https:\/\/annahazuka.pl\/?page_id=406\" \/>\n<meta property=\"article:modified_time\" content=\"2025-10-13T22:54:27+00:00\" \/>\n<meta property=\"og:image\" content=\"http:\/\/annahazuka.pl\/wp-content\/uploads\/2025\/10\/baby-shoes-3644176_1280-1024x682.jpg\" \/>\n<meta name=\"twitter:card\" content=\"summary_large_image\" \/>\n<meta name=\"twitter:label1\" content=\"Szacowany czas czytania\" \/>\n\t<meta name=\"twitter:data1\" content=\"2 minuty\" \/>\n<script type=\"application\/ld+json\" class=\"yoast-schema-graph\">{\"@context\":\"https:\/\/schema.org\",\"@graph\":[{\"@type\":\"WebPage\",\"@id\":\"https:\/\/annahazuka.pl\/?page_id=406\",\"url\":\"https:\/\/annahazuka.pl\/?page_id=406\",\"name\":\"Mentoring -\",\"isPartOf\":{\"@id\":\"http:\/\/annahazuka.pl\/#website\"},\"primaryImageOfPage\":{\"@id\":\"https:\/\/annahazuka.pl\/?page_id=406#primaryimage\"},\"image\":{\"@id\":\"https:\/\/annahazuka.pl\/?page_id=406#primaryimage\"},\"thumbnailUrl\":\"http:\/\/annahazuka.pl\/wp-content\/uploads\/2025\/10\/baby-shoes-3644176_1280-1024x682.jpg\",\"datePublished\":\"2025-10-13T11:37:25+00:00\",\"dateModified\":\"2025-10-13T22:54:27+00:00\",\"breadcrumb\":{\"@id\":\"https:\/\/annahazuka.pl\/?page_id=406#breadcrumb\"},\"inLanguage\":\"pl-PL\",\"potentialAction\":[{\"@type\":\"ReadAction\",\"target\":[\"https:\/\/annahazuka.pl\/?page_id=406\"]}]},{\"@type\":\"ImageObject\",\"inLanguage\":\"pl-PL\",\"@id\":\"https:\/\/annahazuka.pl\/?page_id=406#primaryimage\",\"url\":\"http:\/\/annahazuka.pl\/wp-content\/uploads\/2025\/10\/baby-shoes-3644176_1280.jpg\",\"contentUrl\":\"http:\/\/annahazuka.pl\/wp-content\/uploads\/2025\/10\/baby-shoes-3644176_1280.jpg\",\"width\":1280,\"height\":853},{\"@type\":\"BreadcrumbList\",\"@id\":\"https:\/\/annahazuka.pl\/?page_id=406#breadcrumb\",\"itemListElement\":[{\"@type\":\"ListItem\",\"position\":1,\"name\":\"Strona g\u0142\u00f3wna\",\"item\":\"http:\/\/annahazuka.pl\/\"},{\"@type\":\"ListItem\",\"position\":2,\"name\":\"Mentoring\"}]},{\"@type\":\"WebSite\",\"@id\":\"http:\/\/annahazuka.pl\/#website\",\"url\":\"http:\/\/annahazuka.pl\/\",\"name\":\"Anna Hazuka\",\"description\":\"\",\"potentialAction\":[{\"@type\":\"SearchAction\",\"target\":{\"@type\":\"EntryPoint\",\"urlTemplate\":\"http:\/\/annahazuka.pl\/?s={search_term_string}\"},\"query-input\":{\"@type\":\"PropertyValueSpecification\",\"valueRequired\":true,\"valueName\":\"search_term_string\"}}],\"inLanguage\":\"pl-PL\"}]}<\/script>\n<!-- \/ Yoast SEO plugin. -->","yoast_head_json":{"title":"Mentoring -","robots":{"index":"index","follow":"follow","max-snippet":"max-snippet:-1","max-image-preview":"max-image-preview:large","max-video-preview":"max-video-preview:-1"},"canonical":"https:\/\/annahazuka.pl\/?page_id=406","og_locale":"pl_PL","og_type":"article","og_title":"Mentoring -","og_description":"Czasem do zmiany wystarczy naprawd\u0119 JEDEN krok Life Mentoring Potrzebujemy czasem drugiego cz\u0142owieka, \u017ceby razem z nim nad czym\u015b si\u0119 zastanowi\u0107, co\u015b przegada\u0107, zrozumie\u0107, zmieni\u0107. Wiemy, \u017ce nie jest to sprawa nad kt\u00f3r\u0105 chcemy pracowa\u0107 miesi\u0105cami w terapii czy coachingu. Ot, m\u0119czy nas niepok\u00f3j, chcemy us\u0142ysze\u0107, czy nasza intuicja jest [&hellip;]","og_url":"https:\/\/annahazuka.pl\/?page_id=406","article_modified_time":"2025-10-13T22:54:27+00:00","og_image":[{"url":"http:\/\/annahazuka.pl\/wp-content\/uploads\/2025\/10\/baby-shoes-3644176_1280-1024x682.jpg","type":"","width":"","height":""}],"twitter_card":"summary_large_image","twitter_misc":{"Szacowany czas czytania":"2 minuty"},"schema":{"@context":"https:\/\/schema.org","@graph":[{"@type":"WebPage","@id":"https:\/\/annahazuka.pl\/?page_id=406","url":"https:\/\/annahazuka.pl\/?page_id=406","name":"Mentoring -","isPartOf":{"@id":"http:\/\/annahazuka.pl\/#website"},"primaryImageOfPage":{"@id":"https:\/\/annahazuka.pl\/?page_id=406#primaryimage"},"image":{"@id":"https:\/\/annahazuka.pl\/?page_id=406#primaryimage"},"thumbnailUrl":"http:\/\/annahazuka.pl\/wp-content\/uploads\/2025\/10\/baby-shoes-3644176_1280-1024x682.jpg","datePublished":"2025-10-13T11:37:25+00:00","dateModified":"2025-10-13T22:54:27+00:00","breadcrumb":{"@id":"https:\/\/annahazuka.pl\/?page_id=406#breadcrumb"},"inLanguage":"pl-PL","potentialAction":[{"@type":"ReadAction","target":["https:\/\/annahazuka.pl\/?page_id=406"]}]},{"@type":"ImageObject","inLanguage":"pl-PL","@id":"https:\/\/annahazuka.pl\/?page_id=406#primaryimage","url":"http:\/\/annahazuka.pl\/wp-content\/uploads\/2025\/10\/baby-shoes-3644176_1280.jpg","contentUrl":"http:\/\/annahazuka.pl\/wp-content\/uploads\/2025\/10\/baby-shoes-3644176_1280.jpg","width":1280,"height":853},{"@type":"BreadcrumbList","@id":"https:\/\/annahazuka.pl\/?page_id=406#breadcrumb","itemListElement":[{"@type":"ListItem","position":1,"name":"Strona g\u0142\u00f3wna","item":"http:\/\/annahazuka.pl\/"},{"@type":"ListItem","position":2,"name":"Mentoring"}]},{"@type":"WebSite","@id":"http:\/\/annahazuka.pl\/#website","url":"http:\/\/annahazuka.pl\/","name":"Anna Hazuka","description":"","potentialAction":[{"@type":"SearchAction","target":{"@type":"EntryPoint","urlTemplate":"http:\/\/annahazuka.pl\/?s={search_term_string}"},"query-input":{"@type":"PropertyValueSpecification","valueRequired":true,"valueName":"search_term_string"}}],"inLanguage":"pl-PL"}]}},"_links":{"self":[{"href":"http:\/\/annahazuka.pl\/index.php?rest_route=\/wp\/v2\/pages\/406","targetHints":{"allow":["GET"]}}],"collection":[{"href":"http:\/\/annahazuka.pl\/index.php?rest_route=\/wp\/v2\/pages"}],"about":[{"href":"http:\/\/annahazuka.pl\/index.php?rest_route=\/wp\/v2\/types\/page"}],"author":[{"embeddable":true,"href":"http:\/\/annahazuka.pl\/index.php?rest_route=\/wp\/v2\/users\/1"}],"replies":[{"embeddable":true,"href":"http:\/\/annahazuka.pl\/index.php?rest_route=%2Fwp%2Fv2%2Fcomments&post=406"}],"version-history":[{"count":6,"href":"http:\/\/annahazuka.pl\/index.php?rest_route=\/wp\/v2\/pages\/406\/revisions"}],"predecessor-version":[{"id":449,"href":"http:\/\/annahazuka.pl\/index.php?rest_route=\/wp\/v2\/pages\/406\/revisions\/449"}],"wp:attachment":[{"href":"http:\/\/annahazuka.pl\/index.php?rest_route=%2Fwp%2Fv2%2Fmedia&parent=406"}],"curies":[{"name":"wp","href":"https:\/\/api.w.org\/{rel}","templated":true}]}}