{"id":121,"date":"2024-07-26T16:47:43","date_gmt":"2024-07-26T14:47:43","guid":{"rendered":"http:\/\/annahazuka.pl\/?page_id=121"},"modified":"2025-07-17T19:11:48","modified_gmt":"2025-07-17T17:11:48","slug":"szkolenia","status":"publish","type":"page","link":"http:\/\/annahazuka.pl\/?page_id=121","title":{"rendered":"Szkolenia"},"content":{"rendered":"\n<p>Szkol\u0119 z <strong>przyw\u00f3dztwa<\/strong> w przestrzeni zawodowej i prywatnej. Prawdziwego lidera cechuje <strong>odwaga<\/strong>, <strong>ambicja<\/strong>, g\u0142\u0119bokie <strong>samopoznanie<\/strong> i <strong>pokora<\/strong>. Wierz\u0119, \u017ce nim staniemy si\u0119 inspiracj\u0105 dla innych, musimy najpierw obj\u0105\u0107 w\u0142asne \u017cycie w posiadanie i nada\u0107 mu w\u0142a\u015bciwy kierunek. Pracuj\u0119 z lud\u017ami, kt\u00f3rzy maj\u0105 <strong>odwag\u0119<\/strong> wyruszy\u0107 w tak\u0105 podr\u00f3\u017c. Moimi klientami s\u0105 ludzie <strong>biznesu<\/strong>, <strong>rodzice<\/strong>, <strong>liderzy grup m\u0142odzie\u017cowych, duszpasterze, nauczyciele.<\/strong><\/p>\n\n\n\n<h2 class=\"wp-block-heading\">Oferta szkole\u0144:<\/h2>\n\n\n\n<p><\/p>\n\n\n\n<p><\/p>\n\n\n\n<div class=\"wp-block-media-text alignfull is-stacked-on-mobile is-vertically-aligned-top\"><figure class=\"wp-block-media-text__media\"><img loading=\"lazy\" decoding=\"async\" width=\"500\" height=\"500\" src=\"http:\/\/annahazuka.pl\/wp-content\/uploads\/2024\/07\/grow-at-home-8.png\" alt=\"\" class=\"wp-image-60 size-full\" srcset=\"http:\/\/annahazuka.pl\/wp-content\/uploads\/2024\/07\/grow-at-home-8.png 500w, http:\/\/annahazuka.pl\/wp-content\/uploads\/2024\/07\/grow-at-home-8-300x300.png 300w, http:\/\/annahazuka.pl\/wp-content\/uploads\/2024\/07\/grow-at-home-8-150x150.png 150w\" sizes=\"auto, (max-width: 500px) 100vw, 500px\" \/><\/figure><div class=\"wp-block-media-text__content\">\n<p><strong>Grow at Home<\/strong> to wyj\u0105tkowa oferta dla <strong>rodzic\u00f3w<\/strong>, kt\u00f3rzy chc\u0105 spojrze\u0107 na rodzicielstwo jak na szans\u0119 na <strong>g\u0142ebok\u0105 tranformacj\u0119 osobist\u0105 i przygod\u0119 \u017cycia.<\/strong> Poprowadzone z humorem i prawdziwym <strong>znawstwem<\/strong> <strong>tematu<\/strong> szkolenie, kt\u00f3re wzmacnia w rodzicach <strong>kompetencje<\/strong> <strong>liderskie<\/strong>, wyposa\u017ca w niezb\u0119dne <strong>narz\u0119dzia<\/strong> z zakresu komunikacji, <strong>psychologii<\/strong> <strong>pozytywnej<\/strong> i <strong>neurobiologii<\/strong>, a przede wszystkim prowadzi do zmiany przekona\u0144 na temat roli ma\u0142ych ludzi w \u017cyciu swoich rodzic\u00f3w. <strong>Merytoryczne<\/strong>, poruszaj\u0105ce najwa\u017cniejsze aspekty wychowania, a przede wszystkim daj\u0105ce prawdziwy <strong>oddech<\/strong> zm\u0119czonym nierealnymi wymaganiami spo\u0142eczno-kulturowymi rodzicom. Uwaga tre\u015bci szkolenia sprawdzone (wielokrotnie!) przez autork\u0119!<\/p>\n\n\n\n<h5 class=\"wp-block-heading has-text-align-center\">Chcesz sta\u0107 si\u0119 m\u0105drym liderem swojej rodziny?<\/h5>\n\n\n\n<h5 class=\"wp-block-heading has-text-align-center\"><a href=\"http:\/\/annahazuka.pl\/?page_id=72\" data-type=\"page\" data-id=\"72\">Napisz do mnie po szczeg\u00f3\u0142ow\u0105 ofert\u0119!<\/a><\/h5>\n\n\n\n<blockquote class=\"wp-block-quote is-layout-flow wp-block-quote-is-layout-flow\">\n<p>Prawdziwe pytanie nie brzmi czy jestem dobrym rodzicem, ale czy jestem takim doros\u0142ym, jakim chcia\u0142bym, aby moje dziecko by\u0142o w przysz\u0142o\u015bci?<\/p>\n<cite>Brene Brown<\/cite><\/blockquote>\n\n\n\n<h3 class=\"wp-block-heading\"><\/h3>\n<\/div><\/div>\n\n\n\n<p><\/p>\n\n\n\n<p><\/p>\n\n\n\n<div class=\"wp-block-media-text alignfull is-stacked-on-mobile is-vertically-aligned-top\"><figure class=\"wp-block-media-text__media\"><img loading=\"lazy\" decoding=\"async\" width=\"500\" height=\"500\" src=\"http:\/\/annahazuka.pl\/wp-content\/uploads\/2024\/07\/coaching-dla-1.png\" alt=\"\" class=\"wp-image-54 size-full\" srcset=\"http:\/\/annahazuka.pl\/wp-content\/uploads\/2024\/07\/coaching-dla-1.png 500w, http:\/\/annahazuka.pl\/wp-content\/uploads\/2024\/07\/coaching-dla-1-300x300.png 300w, http:\/\/annahazuka.pl\/wp-content\/uploads\/2024\/07\/coaching-dla-1-150x150.png 150w\" sizes=\"auto, (max-width: 500px) 100vw, 500px\" \/><\/figure><div class=\"wp-block-media-text__content\">\n<p><strong>Coaching dla rodzic\u00f3w<\/strong><em> <\/em>to prawdziwy rodzicielski <strong>gamechanger<\/strong>. Skierowany do rodzic\u00f3w nastolatk\u00f3w i m\u0142odych doros\u0142ych, wprowadza elementy coachingu do wychowania czyni\u0105c relacj\u0119 rodzic-dziecko bardziej <strong>partnersk\u0105<\/strong>. Jak zadawa\u0107 pytania na kt\u00f3re dziecko b\u0119dzie naprawd\u0119 chcia\u0142o odpowiada\u0107? Jak <strong>wzmacnia\u0107<\/strong> w dziecku <strong>sprawstwo<\/strong> i pom\u00f3c mu podejmowa\u0107 <strong>samodzielne<\/strong> decyzje? Jak wychowa\u0107 <strong>odpowiedzialnego<\/strong> i \u015bwiadomie zarz\u0105dzaj\u0105cego swoim \u017cyciem <strong>cz\u0142owieka<\/strong>? Szkolenie prowadzone przez mam\u0119 pi\u0105tki dzieciak\u00f3w, w tym trzech nastolatek. Merytoryczne i sprawdzone na \u017cywych organizmach ;).<\/p>\n\n\n\n<h5 class=\"wp-block-heading has-text-align-center\">Chcesz zdoby\u0107 narz\u0119dzie, kt\u00f3re mo\u017ce zmieni\u0107 wszystko w kontakcie z Twoim dzieckiem?<\/h5>\n\n\n\n<h5 class=\"wp-block-heading has-text-align-center\"><a href=\"http:\/\/annahazuka.pl\/?page_id=72\" data-type=\"page\" data-id=\"72\">Napisz do mnie po szczeg\u00f3\u0142ow\u0105 ofert\u0119!<\/a><\/h5>\n\n\n\n<blockquote class=\"wp-block-quote is-layout-flow wp-block-quote-is-layout-flow\">\n<p>Prawdziwi bohaterowie nowego tysi\u0105clecia b\u0119d\u0105 pokornymi liderami, pracuj\u0105cymi nad zmian\u0105 \u015bwiata w ciszy, z dala od \u015bwiate\u0142 reflektor\u00f3w.<\/p>\n\n\n\n<p><\/p>\n<cite>Ann McGee-Cooper<\/cite><\/blockquote>\n\n\n\n<p><\/p>\n\n\n\n<p><\/p>\n\n\n\n<p><\/p>\n<\/div><\/div>\n\n\n\n<div class=\"wp-block-media-text alignfull is-stacked-on-mobile\"><figure class=\"wp-block-media-text__media\"><img loading=\"lazy\" decoding=\"async\" width=\"500\" height=\"500\" src=\"http:\/\/annahazuka.pl\/wp-content\/uploads\/2024\/07\/budujemy-mosty-1-500x500.png\" alt=\"\" class=\"wp-image-212 size-full\" srcset=\"http:\/\/annahazuka.pl\/wp-content\/uploads\/2024\/07\/budujemy-mosty-1.png 500w, http:\/\/annahazuka.pl\/wp-content\/uploads\/2024\/07\/budujemy-mosty-1-300x300.png 300w, http:\/\/annahazuka.pl\/wp-content\/uploads\/2024\/07\/budujemy-mosty-1-150x150.png 150w\" sizes=\"auto, (max-width: 500px) 100vw, 500px\" \/><\/figure><div class=\"wp-block-media-text__content\">\n<p><strong>Jeste\u015b silniejsza ni\u017c my\u015blisz <\/strong>to szkolenie skierowane do <strong>m\u0142odych<\/strong> <strong>mam<\/strong>. Zbieram w nim swoje <strong>14-letnie do\u015bwiadczenie<\/strong> macierzy\u0144skie i daj\u0119 Uczestniczkom wszystko, albo prawie wszystko, co <strong>sama<\/strong> <strong>chcia\u0142abym<\/strong> <strong>wiedzie\u0107<\/strong>, kiedy wyrusza\u0142am w podr\u00f3\u017c zwan\u0105 macierzy\u0144stwem. Jestem mam\u0105, kt\u00f3ra zostawi\u0142a karier\u0119 i stworzy\u0142a swoje wyj\u0105tkowe miejsce na ziemi zwane rodzin\u0105. Nigdy nie przesta\u0142am jednak by\u0107 te\u017c kobiet\u0105 g\u0142odn\u0105 presti\u017cu i sukcesu zawodowego. Dzi\u015b wiem, \u017ce te dwa \u015bwiaty wcale nie musz\u0105 sta\u0107 do siebie w opozycji. Pe\u0142ne <strong>ciep\u0142a<\/strong>, <strong>wsparcia<\/strong>, ale i konkretnej <strong>wiedzy<\/strong> z zakresu neurobiologii, psychologii i sztuki zarz\u0105dzania projektami (bo czym innym jest rodzina?) szkolenie, kt\u00f3re mo\u017ce sta\u0107 si\u0119 najlepsz\u0105 \u017cyciow\u0105 inwestycj\u0105.<\/p>\n\n\n\n<blockquote class=\"wp-block-quote is-layout-flow wp-block-quote-is-layout-flow\">\n<p>R\u00f3wnowaga nie polega na tym, by wszystko by\u0142o idealne. Polega na tym, by by\u0107 zadowolonym z tego, jak sprawy si\u0119 uk\u0142adaj\u0105.<\/p>\n<cite>Linda Poindexter<\/cite><\/blockquote>\n\n\n\n<h5 class=\"wp-block-heading has-text-align-center\">Chcesz znale\u017a\u0107 \u017ar\u00f3d\u0142o swojej si\u0142y?<\/h5>\n\n\n\n<h5 class=\"wp-block-heading has-text-align-center\"><a href=\"http:\/\/annahazuka.pl\/?page_id=72\" data-type=\"page\" data-id=\"72\">Napisz do mnie po szczeg\u00f3\u0142ow\u0105 ofert\u0119!<\/a><\/h5>\n\n\n\n<p><\/p>\n\n\n\n<p><\/p>\n\n\n\n<p><\/p>\n\n\n\n<p><\/p>\n<\/div><\/div>\n\n\n\n<div class=\"wp-block-media-text alignfull is-stacked-on-mobile\"><figure class=\"wp-block-media-text__media\"><img loading=\"lazy\" decoding=\"async\" width=\"500\" height=\"500\" src=\"http:\/\/annahazuka.pl\/wp-content\/uploads\/2024\/07\/grow-at-home-9-500x500.png\" alt=\"\" class=\"wp-image-161 size-full\" srcset=\"http:\/\/annahazuka.pl\/wp-content\/uploads\/2024\/07\/grow-at-home-9.png 500w, http:\/\/annahazuka.pl\/wp-content\/uploads\/2024\/07\/grow-at-home-9-300x300.png 300w, http:\/\/annahazuka.pl\/wp-content\/uploads\/2024\/07\/grow-at-home-9-150x150.png 150w\" sizes=\"auto, (max-width: 500px) 100vw, 500px\" \/><\/figure><div class=\"wp-block-media-text__content\">\n<p><strong>Faith&amp;Mind<\/strong> to szkolenie, kt\u00f3re porz\u0105dkuje i nazywa <strong>najwa\u017cniejsze<\/strong> <strong>potrzeby<\/strong> i <strong>pragnienia<\/strong> cz\u0142owieka. Oparte na wieloletnich <strong>badaniach<\/strong> prowadzonych w ramach Penn University, daje konkretne odpowiedzi na pytania za czym t\u0119sknimy i czego potrzebujemy. <strong>Czy szcz\u0119\u015bcia mo\u017cna si\u0119 nauczy\u0107?<\/strong> Czy mo\u017cna zaprojektowa\u0107 dobre samopoczucie i przewidzie\u0107 nadchodz\u0105cy kryzys psychiczny? Martin Seligman &#8211; profesor psychologii klinicznej i tw\u00f3rca psychologii pozytywnej twierdzi, \u017ce tak. Odkryj model <strong>PERMA+<\/strong> i dowiedz si\u0119, <strong>jak aktywnie przeciwdzia\u0142a\u0107 wypaleniu rodzicielskiemu i zawodowemu.<\/strong><\/p>\n\n\n\n<blockquote class=\"wp-block-quote is-layout-flow wp-block-quote-is-layout-flow\">\n<p>Prawdziwe szcz\u0119\u015bcie bierze si\u0119 z podniesienia sobie poprzeczki, a nie z oceniania siebie na tle innych.<\/p>\n<cite>Martin Seligman<\/cite><\/blockquote>\n\n\n\n<h5 class=\"wp-block-heading has-text-align-center\">Zaprojektuj swoje szcz\u0119\u015bliwe \u017cycie!<\/h5>\n\n\n\n<h5 class=\"wp-block-heading has-text-align-center\"><a href=\"http:\/\/annahazuka.pl\/?page_id=72\" data-type=\"page\" data-id=\"72\">Napisz do mnie po szczeg\u00f3\u0142ow\u0105 ofert\u0119.<\/a><\/h5>\n<\/div><\/div>\n\n\n\n<p><\/p>\n\n\n\n<p><\/p>\n\n\n\n<div class=\"wp-block-media-text alignfull is-stacked-on-mobile\"><figure class=\"wp-block-media-text__media\"><img loading=\"lazy\" decoding=\"async\" width=\"500\" height=\"500\" src=\"http:\/\/annahazuka.pl\/wp-content\/uploads\/2024\/07\/Budujemy-mosty12-500x500.png\" alt=\"\" class=\"wp-image-252 size-full\" srcset=\"http:\/\/annahazuka.pl\/wp-content\/uploads\/2024\/07\/Budujemy-mosty12.png 500w, http:\/\/annahazuka.pl\/wp-content\/uploads\/2024\/07\/Budujemy-mosty12-300x300.png 300w, http:\/\/annahazuka.pl\/wp-content\/uploads\/2024\/07\/Budujemy-mosty12-150x150.png 150w\" sizes=\"auto, (max-width: 500px) 100vw, 500px\" \/><\/figure><div class=\"wp-block-media-text__content\">\n<p><strong>Budujemy mosty<\/strong> to szkolenie, kt\u00f3re mo\u017ce sta\u0107 si\u0119 <strong>nowym<\/strong> <strong>pocz\u0105tkiem<\/strong> w Twojej organizacji. Jak m\u00f3wi\u0107, \u017ceby nas s\u0142uchano i jak s\u0142ucha\u0107, \u017ceby do nas m\u00f3wiono? Jak budowa\u0107 merytoryczny przekaz i jak udziela\u0107 feedbacku, kt\u00f3ry <strong>rozwija<\/strong>, a nie niszczy? Jak <strong>tworzy\u0107<\/strong> <strong>zespo\u0142y<\/strong> i adekwatnie przydziela\u0107 zadania? Co motywuje pracownik\u00f3w, a co przera\u017ca? Szkolenie z zakresu komunikacji i budowania zespo\u0142\u00f3w prowadzone przez dziennikark\u0119, copywriterk\u0119 i wieloletni\u0105 liderk\u0119. <strong>S\u0142owa maj\u0105 wielk\u0105 moc. <\/strong>Ucz\u0119 jak z niej korzysta\u0107.<\/p>\n\n\n\n<h5 class=\"wp-block-heading has-text-align-center\">Chcesz nowego otwarcia w Twoim zespole? <\/h5>\n\n\n\n<h5 class=\"wp-block-heading has-text-align-center\"><a href=\"http:\/\/annahazuka.pl\/?page_id=72\" data-type=\"page\" data-id=\"72\">Napisz do mnie po szczeg\u00f3\u0142ow\u0105 ofert\u0119!<\/a><\/h5>\n\n\n\n<blockquote class=\"wp-block-quote is-layout-flow wp-block-quote-is-layout-flow\">\n<p>Najwi\u0119kszym problemem w komunikacji jest iluzja, \u017ce do niej dosz\u0142o. <\/p>\n<cite>George Bernard Shaw<\/cite><\/blockquote>\n<\/div><\/div>\n\n\n\n<p><\/p>\n\n\n\n<p><\/p>\n\n\n\n<p><\/p>\n\n\n\n<p><\/p>\n\n\n\n<h3 class=\"wp-block-heading has-text-align-center\">Masz pomys\u0142 na indywidualne szkolenie?<\/h3>\n\n\n\n<h3 class=\"wp-block-heading has-text-align-center\"><a href=\"https:\/\/annahazuka.pl\/?page_id=72\">Napisz do mnie!<\/a> Razem mo\u017cemy wi\u0119cej!<\/h3>\n","protected":false},"excerpt":{"rendered":"<p>Szkol\u0119 z przyw\u00f3dztwa w przestrzeni zawodowej i prywatnej. Prawdziwego lidera cechuje odwaga, ambicja, g\u0142\u0119bokie samopoznanie i pokora. Wierz\u0119, \u017ce nim staniemy si\u0119 inspiracj\u0105 dla innych, musimy najpierw obj\u0105\u0107 w\u0142asne \u017cycie w posiadanie i nada\u0107 mu w\u0142a\u015bciwy kierunek. Pracuj\u0119 z lud\u017ami, kt\u00f3rzy maj\u0105 odwag\u0119 wyruszy\u0107 w tak\u0105 podr\u00f3\u017c. Moimi klientami s\u0105 [&hellip;]<\/p>\n","protected":false},"author":1,"featured_media":96,"parent":0,"menu_order":0,"comment_status":"closed","ping_status":"closed","template":"","meta":{"footnotes":""},"class_list":["post-121","page","type-page","status-publish","has-post-thumbnail","hentry"],"yoast_head":"<!-- This site is optimized with the Yoast SEO plugin v25.7 - https:\/\/yoast.com\/wordpress\/plugins\/seo\/ -->\n<title>Szkolenia -<\/title>\n<meta name=\"description\" content=\"Szkol\u0119 merytorycznie w oparciu o dowody naukowe. Szanuj\u0119 czas moich klient\u00f3w. #komunikacja #zespo\u0142y #rodzicielstwo #dobrostan #servant leadership\" \/>\n<meta name=\"robots\" content=\"index, follow, max-snippet:-1, max-image-preview:large, max-video-preview:-1\" \/>\n<link rel=\"canonical\" href=\"http:\/\/annahazuka.pl\/?page_id=121\" \/>\n<meta property=\"og:locale\" content=\"pl_PL\" \/>\n<meta property=\"og:type\" content=\"article\" \/>\n<meta property=\"og:title\" content=\"Szkolenia -\" \/>\n<meta property=\"og:description\" content=\"Szkol\u0119 merytorycznie w oparciu o dowody naukowe. Szanuj\u0119 czas moich klient\u00f3w. #komunikacja #zespo\u0142y #rodzicielstwo #dobrostan #servant leadership\" \/>\n<meta property=\"og:url\" content=\"http:\/\/annahazuka.pl\/?page_id=121\" \/>\n<meta property=\"article:modified_time\" content=\"2025-07-17T17:11:48+00:00\" \/>\n<meta property=\"og:image\" content=\"http:\/\/annahazuka.pl\/wp-content\/uploads\/2024\/07\/Anna_Hazuka_fot_Lukasz_Rajchert-1-1-scaled-e1721462656993.jpg\" \/>\n\t<meta property=\"og:image:width\" content=\"1053\" \/>\n\t<meta property=\"og:image:height\" content=\"951\" \/>\n\t<meta property=\"og:image:type\" content=\"image\/jpeg\" \/>\n<meta name=\"twitter:card\" content=\"summary_large_image\" \/>\n<meta name=\"twitter:label1\" content=\"Szacowany czas czytania\" \/>\n\t<meta name=\"twitter:data1\" content=\"5 minut\" \/>\n<script type=\"application\/ld+json\" class=\"yoast-schema-graph\">{\"@context\":\"https:\/\/schema.org\",\"@graph\":[{\"@type\":\"WebPage\",\"@id\":\"http:\/\/annahazuka.pl\/?page_id=121\",\"url\":\"http:\/\/annahazuka.pl\/?page_id=121\",\"name\":\"Szkolenia -\",\"isPartOf\":{\"@id\":\"http:\/\/annahazuka.pl\/#website\"},\"primaryImageOfPage\":{\"@id\":\"http:\/\/annahazuka.pl\/?page_id=121#primaryimage\"},\"image\":{\"@id\":\"http:\/\/annahazuka.pl\/?page_id=121#primaryimage\"},\"thumbnailUrl\":\"http:\/\/annahazuka.pl\/wp-content\/uploads\/2024\/07\/Anna_Hazuka_fot_Lukasz_Rajchert-1-1-scaled-e1721462656993.jpg\",\"datePublished\":\"2024-07-26T14:47:43+00:00\",\"dateModified\":\"2025-07-17T17:11:48+00:00\",\"description\":\"Szkol\u0119 merytorycznie w oparciu o dowody naukowe. Szanuj\u0119 czas moich klient\u00f3w. #komunikacja #zespo\u0142y #rodzicielstwo #dobrostan #servant leadership\",\"breadcrumb\":{\"@id\":\"http:\/\/annahazuka.pl\/?page_id=121#breadcrumb\"},\"inLanguage\":\"pl-PL\",\"potentialAction\":[{\"@type\":\"ReadAction\",\"target\":[\"http:\/\/annahazuka.pl\/?page_id=121\"]}]},{\"@type\":\"ImageObject\",\"inLanguage\":\"pl-PL\",\"@id\":\"http:\/\/annahazuka.pl\/?page_id=121#primaryimage\",\"url\":\"http:\/\/annahazuka.pl\/wp-content\/uploads\/2024\/07\/Anna_Hazuka_fot_Lukasz_Rajchert-1-1-scaled-e1721462656993.jpg\",\"contentUrl\":\"http:\/\/annahazuka.pl\/wp-content\/uploads\/2024\/07\/Anna_Hazuka_fot_Lukasz_Rajchert-1-1-scaled-e1721462656993.jpg\",\"width\":1053,\"height\":951},{\"@type\":\"BreadcrumbList\",\"@id\":\"http:\/\/annahazuka.pl\/?page_id=121#breadcrumb\",\"itemListElement\":[{\"@type\":\"ListItem\",\"position\":1,\"name\":\"Strona g\u0142\u00f3wna\",\"item\":\"http:\/\/annahazuka.pl\/\"},{\"@type\":\"ListItem\",\"position\":2,\"name\":\"Szkolenia\"}]},{\"@type\":\"WebSite\",\"@id\":\"http:\/\/annahazuka.pl\/#website\",\"url\":\"http:\/\/annahazuka.pl\/\",\"name\":\"Anna Hazuka\",\"description\":\"\",\"potentialAction\":[{\"@type\":\"SearchAction\",\"target\":{\"@type\":\"EntryPoint\",\"urlTemplate\":\"http:\/\/annahazuka.pl\/?s={search_term_string}\"},\"query-input\":{\"@type\":\"PropertyValueSpecification\",\"valueRequired\":true,\"valueName\":\"search_term_string\"}}],\"inLanguage\":\"pl-PL\"}]}<\/script>\n<!-- \/ Yoast SEO plugin. -->","yoast_head_json":{"title":"Szkolenia -","description":"Szkol\u0119 merytorycznie w oparciu o dowody naukowe. Szanuj\u0119 czas moich klient\u00f3w. #komunikacja #zespo\u0142y #rodzicielstwo #dobrostan #servant leadership","robots":{"index":"index","follow":"follow","max-snippet":"max-snippet:-1","max-image-preview":"max-image-preview:large","max-video-preview":"max-video-preview:-1"},"canonical":"http:\/\/annahazuka.pl\/?page_id=121","og_locale":"pl_PL","og_type":"article","og_title":"Szkolenia -","og_description":"Szkol\u0119 merytorycznie w oparciu o dowody naukowe. Szanuj\u0119 czas moich klient\u00f3w. #komunikacja #zespo\u0142y #rodzicielstwo #dobrostan #servant leadership","og_url":"http:\/\/annahazuka.pl\/?page_id=121","article_modified_time":"2025-07-17T17:11:48+00:00","og_image":[{"width":1053,"height":951,"url":"http:\/\/annahazuka.pl\/wp-content\/uploads\/2024\/07\/Anna_Hazuka_fot_Lukasz_Rajchert-1-1-scaled-e1721462656993.jpg","type":"image\/jpeg"}],"twitter_card":"summary_large_image","twitter_misc":{"Szacowany czas czytania":"5 minut"},"schema":{"@context":"https:\/\/schema.org","@graph":[{"@type":"WebPage","@id":"http:\/\/annahazuka.pl\/?page_id=121","url":"http:\/\/annahazuka.pl\/?page_id=121","name":"Szkolenia -","isPartOf":{"@id":"http:\/\/annahazuka.pl\/#website"},"primaryImageOfPage":{"@id":"http:\/\/annahazuka.pl\/?page_id=121#primaryimage"},"image":{"@id":"http:\/\/annahazuka.pl\/?page_id=121#primaryimage"},"thumbnailUrl":"http:\/\/annahazuka.pl\/wp-content\/uploads\/2024\/07\/Anna_Hazuka_fot_Lukasz_Rajchert-1-1-scaled-e1721462656993.jpg","datePublished":"2024-07-26T14:47:43+00:00","dateModified":"2025-07-17T17:11:48+00:00","description":"Szkol\u0119 merytorycznie w oparciu o dowody naukowe. Szanuj\u0119 czas moich klient\u00f3w. #komunikacja #zespo\u0142y #rodzicielstwo #dobrostan #servant leadership","breadcrumb":{"@id":"http:\/\/annahazuka.pl\/?page_id=121#breadcrumb"},"inLanguage":"pl-PL","potentialAction":[{"@type":"ReadAction","target":["http:\/\/annahazuka.pl\/?page_id=121"]}]},{"@type":"ImageObject","inLanguage":"pl-PL","@id":"http:\/\/annahazuka.pl\/?page_id=121#primaryimage","url":"http:\/\/annahazuka.pl\/wp-content\/uploads\/2024\/07\/Anna_Hazuka_fot_Lukasz_Rajchert-1-1-scaled-e1721462656993.jpg","contentUrl":"http:\/\/annahazuka.pl\/wp-content\/uploads\/2024\/07\/Anna_Hazuka_fot_Lukasz_Rajchert-1-1-scaled-e1721462656993.jpg","width":1053,"height":951},{"@type":"BreadcrumbList","@id":"http:\/\/annahazuka.pl\/?page_id=121#breadcrumb","itemListElement":[{"@type":"ListItem","position":1,"name":"Strona g\u0142\u00f3wna","item":"http:\/\/annahazuka.pl\/"},{"@type":"ListItem","position":2,"name":"Szkolenia"}]},{"@type":"WebSite","@id":"http:\/\/annahazuka.pl\/#website","url":"http:\/\/annahazuka.pl\/","name":"Anna Hazuka","description":"","potentialAction":[{"@type":"SearchAction","target":{"@type":"EntryPoint","urlTemplate":"http:\/\/annahazuka.pl\/?s={search_term_string}"},"query-input":{"@type":"PropertyValueSpecification","valueRequired":true,"valueName":"search_term_string"}}],"inLanguage":"pl-PL"}]}},"_links":{"self":[{"href":"http:\/\/annahazuka.pl\/index.php?rest_route=\/wp\/v2\/pages\/121","targetHints":{"allow":["GET"]}}],"collection":[{"href":"http:\/\/annahazuka.pl\/index.php?rest_route=\/wp\/v2\/pages"}],"about":[{"href":"http:\/\/annahazuka.pl\/index.php?rest_route=\/wp\/v2\/types\/page"}],"author":[{"embeddable":true,"href":"http:\/\/annahazuka.pl\/index.php?rest_route=\/wp\/v2\/users\/1"}],"replies":[{"embeddable":true,"href":"http:\/\/annahazuka.pl\/index.php?rest_route=%2Fwp%2Fv2%2Fcomments&post=121"}],"version-history":[{"count":53,"href":"http:\/\/annahazuka.pl\/index.php?rest_route=\/wp\/v2\/pages\/121\/revisions"}],"predecessor-version":[{"id":401,"href":"http:\/\/annahazuka.pl\/index.php?rest_route=\/wp\/v2\/pages\/121\/revisions\/401"}],"wp:featuredmedia":[{"embeddable":true,"href":"http:\/\/annahazuka.pl\/index.php?rest_route=\/wp\/v2\/media\/96"}],"wp:attachment":[{"href":"http:\/\/annahazuka.pl\/index.php?rest_route=%2Fwp%2Fv2%2Fmedia&parent=121"}],"curies":[{"name":"wp","href":"https:\/\/api.w.org\/{rel}","templated":true}]}}